{"id":273,"date":"2018-07-21T17:21:58","date_gmt":"2018-07-21T15:21:58","guid":{"rendered":"http:\/\/equilibrium.foundation\/?page_id=273"},"modified":"2023-02-28T09:14:03","modified_gmt":"2023-02-28T08:14:03","slug":"impressum","status":"publish","type":"page","link":"https:\/\/equilibrium.foundation\/de\/impressum\/","title":{"rendered":"Imprint"},"content":{"rendered":"<div data-elementor-type=\"wp-page\" data-elementor-id=\"273\" class=\"elementor elementor-273\">\n\t\t\t\t\t\t<section class=\"elementor-section elementor-top-section elementor-element elementor-element-2ccdbf03 elementor-section-boxed elementor-section-height-default elementor-section-height-default\" data-id=\"2ccdbf03\" data-element_type=\"section\" data-e-type=\"section\">\n\t\t\t\t\t\t<div class=\"elementor-container elementor-column-gap-default\">\n\t\t\t\t\t<div class=\"elementor-column elementor-col-100 elementor-top-column elementor-element elementor-element-595af567\" data-id=\"595af567\" data-element_type=\"column\" data-e-type=\"column\">\n\t\t\t<div class=\"elementor-widget-wrap elementor-element-populated\">\n\t\t\t\t\t\t<div class=\"elementor-element elementor-element-5dcb5f5e elementor-widget elementor-widget-text-editor\" data-id=\"5dcb5f5e\" data-element_type=\"widget\" data-e-type=\"widget\" data-widget_type=\"text-editor.default\">\n\t\t\t\t<div class=\"elementor-widget-container\">\n\t\t\t\t\t\t\t\t\t<p>Equilibrium Foundation gemeinn\u00fctzige Unternehmergesellschaft (haftungsbeschr\u00e4nkt)<br \/>Blankeneser Chaussee 85<br \/>22869 Schenefeld<\/p><p>Managing Directors Thomas Gebhardt and Dominique M\u00fchlbauer<br \/>District Court Hamburg<br \/>HRB 152145<\/p><p>+49 40 6077 8204<br \/><a href=\"mailto:info@equilibrium.foundation\">info@equilibrium.foundation<\/a><\/p>\t\t\t\t\t\t\t\t<\/div>\n\t\t\t\t<\/div>\n\t\t\t\t\t<\/div>\n\t\t<\/div>\n\t\t\t\t\t<\/div>\n\t\t<\/section>\n\t\t\t\t<\/div>","protected":false},"excerpt":{"rendered":"<p>Equilibrium Foundation gemeinn\u00fctzige Unternehmergesellschaft (haftungsbeschr\u00e4nkt)Blankeneser Chaussee 8522869 Schenefeld Managing Directors Thomas Gebhardt and Dominique M\u00fchlbauerDistrict Court HamburgHRB 152145 +49 40 6077 8204info@equilibrium.foundation<\/p>","protected":false},"author":1,"featured_media":0,"parent":0,"menu_order":0,"comment_status":"closed","ping_status":"closed","template":"","meta":{"footnotes":""},"class_list":["post-273","page","type-page","status-publish","hentry"],"yoast_head":"<!-- This site is optimized with the Yoast SEO Premium plugin v21.5 (Yoast SEO v27.4) - https:\/\/yoast.com\/product\/yoast-seo-premium-wordpress\/ -->\n<title>Imprint - Equilibrium Foundation<\/title>\n<meta name=\"robots\" content=\"index, follow, max-snippet:-1, max-image-preview:large, max-video-preview:-1\" \/>\n<link rel=\"canonical\" href=\"https:\/\/equilibrium.foundation\/de\/impressum\/\" \/>\n<meta property=\"og:locale\" content=\"de_DE\" \/>\n<meta property=\"og:type\" content=\"article\" \/>\n<meta property=\"og:title\" content=\"Imprint\" \/>\n<meta property=\"og:description\" content=\"Equilibrium Foundation gemeinn\u00fctzige Unternehmergesellschaft (haftungsbeschr\u00e4nkt)Blankeneser Chaussee 8522869 Schenefeld Managing Directors Thomas Gebhardt and Dominique M\u00fchlbauerDistrict Court HamburgHRB 152145 +49 40 6077 8204info@equilibrium.foundation\" \/>\n<meta property=\"og:url\" content=\"https:\/\/equilibrium.foundation\/de\/impressum\/\" \/>\n<meta property=\"og:site_name\" content=\"Equilibrium Foundation\" \/>\n<meta property=\"article:publisher\" content=\"https:\/\/www.facebook.com\/EquilibriumFDN\/\" \/>\n<meta property=\"article:modified_time\" content=\"2023-02-28T08:14:03+00:00\" \/>\n<meta name=\"twitter:card\" content=\"summary_large_image\" \/>\n<meta name=\"twitter:site\" content=\"@EquilibriumFDN\" \/>\n<script type=\"application\/ld+json\" class=\"yoast-schema-graph\">{\"@context\":\"https:\\\/\\\/schema.org\",\"@graph\":[{\"@type\":\"WebPage\",\"@id\":\"https:\\\/\\\/equilibrium.foundation\\\/impressum\\\/\",\"url\":\"https:\\\/\\\/equilibrium.foundation\\\/impressum\\\/\",\"name\":\"Imprint - Equilibrium Foundation\",\"isPartOf\":{\"@id\":\"https:\\\/\\\/equilibrium.foundation\\\/#website\"},\"datePublished\":\"2018-07-21T15:21:58+00:00\",\"dateModified\":\"2023-02-28T08:14:03+00:00\",\"breadcrumb\":{\"@id\":\"https:\\\/\\\/equilibrium.foundation\\\/impressum\\\/#breadcrumb\"},\"inLanguage\":\"de\",\"potentialAction\":[{\"@type\":\"ReadAction\",\"target\":[\"https:\\\/\\\/equilibrium.foundation\\\/impressum\\\/\"]}]},{\"@type\":\"BreadcrumbList\",\"@id\":\"https:\\\/\\\/equilibrium.foundation\\\/impressum\\\/#breadcrumb\",\"itemListElement\":[{\"@type\":\"ListItem\",\"position\":1,\"name\":\"Startseite\",\"item\":\"https:\\\/\\\/equilibrium.foundation\\\/\"},{\"@type\":\"ListItem\",\"position\":2,\"name\":\"Imprint\"}]},{\"@type\":\"WebSite\",\"@id\":\"https:\\\/\\\/equilibrium.foundation\\\/#website\",\"url\":\"https:\\\/\\\/equilibrium.foundation\\\/\",\"name\":\"Equilibrium Foundation\",\"description\":\"Equilibrium Foundation is a social impact organisation that promotes the balance between disadvantaged and privileged people in the world\u2019s poorest countries.\",\"publisher\":{\"@id\":\"https:\\\/\\\/equilibrium.foundation\\\/#organization\"},\"potentialAction\":[{\"@type\":\"SearchAction\",\"target\":{\"@type\":\"EntryPoint\",\"urlTemplate\":\"https:\\\/\\\/equilibrium.foundation\\\/?s={search_term_string}\"},\"query-input\":{\"@type\":\"PropertyValueSpecification\",\"valueRequired\":true,\"valueName\":\"search_term_string\"}}],\"inLanguage\":\"de\"},{\"@type\":\"Organization\",\"@id\":\"https:\\\/\\\/equilibrium.foundation\\\/#organization\",\"name\":\"Equilibrium Foundation\",\"url\":\"https:\\\/\\\/equilibrium.foundation\\\/\",\"logo\":{\"@type\":\"ImageObject\",\"inLanguage\":\"de\",\"@id\":\"https:\\\/\\\/equilibrium.foundation\\\/#\\\/schema\\\/logo\\\/image\\\/\",\"url\":\"https:\\\/\\\/equilibrium.foundation\\\/wp-content\\\/uploads\\\/2020\\\/12\\\/cropped-EQUILIBRIUM-FOUNDATION-Gross.jpg\",\"contentUrl\":\"https:\\\/\\\/equilibrium.foundation\\\/wp-content\\\/uploads\\\/2020\\\/12\\\/cropped-EQUILIBRIUM-FOUNDATION-Gross.jpg\",\"width\":2448,\"height\":2157,\"caption\":\"Equilibrium Foundation\"},\"image\":{\"@id\":\"https:\\\/\\\/equilibrium.foundation\\\/#\\\/schema\\\/logo\\\/image\\\/\"},\"sameAs\":[\"https:\\\/\\\/www.facebook.com\\\/EquilibriumFDN\\\/\",\"https:\\\/\\\/x.com\\\/EquilibriumFDN\",\"http:\\\/\\\/www.instagram.com\\\/equilibriumfdn\\\/\",\"https:\\\/\\\/www.youtube.com\\\/channel\\\/UCgAGwhKdPg995nLuGVF9yFg\"]}]}<\/script>\n<!-- \/ Yoast SEO Premium plugin. -->","yoast_head_json":{"title":"Imprint - Equilibrium Foundation","robots":{"index":"index","follow":"follow","max-snippet":"max-snippet:-1","max-image-preview":"max-image-preview:large","max-video-preview":"max-video-preview:-1"},"canonical":"https:\/\/equilibrium.foundation\/de\/impressum\/","og_locale":"de_DE","og_type":"article","og_title":"Imprint","og_description":"Equilibrium Foundation gemeinn\u00fctzige Unternehmergesellschaft (haftungsbeschr\u00e4nkt)Blankeneser Chaussee 8522869 Schenefeld Managing Directors Thomas Gebhardt and Dominique M\u00fchlbauerDistrict Court HamburgHRB 152145 +49 40 6077 8204info@equilibrium.foundation","og_url":"https:\/\/equilibrium.foundation\/de\/impressum\/","og_site_name":"Equilibrium Foundation","article_publisher":"https:\/\/www.facebook.com\/EquilibriumFDN\/","article_modified_time":"2023-02-28T08:14:03+00:00","twitter_card":"summary_large_image","twitter_site":"@EquilibriumFDN","schema":{"@context":"https:\/\/schema.org","@graph":[{"@type":"WebPage","@id":"https:\/\/equilibrium.foundation\/impressum\/","url":"https:\/\/equilibrium.foundation\/impressum\/","name":"Imprint - Equilibrium Foundation","isPartOf":{"@id":"https:\/\/equilibrium.foundation\/#website"},"datePublished":"2018-07-21T15:21:58+00:00","dateModified":"2023-02-28T08:14:03+00:00","breadcrumb":{"@id":"https:\/\/equilibrium.foundation\/impressum\/#breadcrumb"},"inLanguage":"de","potentialAction":[{"@type":"ReadAction","target":["https:\/\/equilibrium.foundation\/impressum\/"]}]},{"@type":"BreadcrumbList","@id":"https:\/\/equilibrium.foundation\/impressum\/#breadcrumb","itemListElement":[{"@type":"ListItem","position":1,"name":"Startseite","item":"https:\/\/equilibrium.foundation\/"},{"@type":"ListItem","position":2,"name":"Imprint"}]},{"@type":"WebSite","@id":"https:\/\/equilibrium.foundation\/#website","url":"https:\/\/equilibrium.foundation\/","name":"Equilibrium Foundation","description":"Equilibrium Foundation is a social impact organisation that promotes the balance between disadvantaged and privileged people in the world\u2019s poorest countries.","publisher":{"@id":"https:\/\/equilibrium.foundation\/#organization"},"potentialAction":[{"@type":"SearchAction","target":{"@type":"EntryPoint","urlTemplate":"https:\/\/equilibrium.foundation\/?s={search_term_string}"},"query-input":{"@type":"PropertyValueSpecification","valueRequired":true,"valueName":"search_term_string"}}],"inLanguage":"de"},{"@type":"Organization","@id":"https:\/\/equilibrium.foundation\/#organization","name":"Equilibrium Foundation","url":"https:\/\/equilibrium.foundation\/","logo":{"@type":"ImageObject","inLanguage":"de","@id":"https:\/\/equilibrium.foundation\/#\/schema\/logo\/image\/","url":"https:\/\/equilibrium.foundation\/wp-content\/uploads\/2020\/12\/cropped-EQUILIBRIUM-FOUNDATION-Gross.jpg","contentUrl":"https:\/\/equilibrium.foundation\/wp-content\/uploads\/2020\/12\/cropped-EQUILIBRIUM-FOUNDATION-Gross.jpg","width":2448,"height":2157,"caption":"Equilibrium Foundation"},"image":{"@id":"https:\/\/equilibrium.foundation\/#\/schema\/logo\/image\/"},"sameAs":["https:\/\/www.facebook.com\/EquilibriumFDN\/","https:\/\/x.com\/EquilibriumFDN","http:\/\/www.instagram.com\/equilibriumfdn\/","https:\/\/www.youtube.com\/channel\/UCgAGwhKdPg995nLuGVF9yFg"]}]}},"_links":{"self":[{"href":"https:\/\/equilibrium.foundation\/de\/wp-json\/wp\/v2\/pages\/273","targetHints":{"allow":["GET"]}}],"collection":[{"href":"https:\/\/equilibrium.foundation\/de\/wp-json\/wp\/v2\/pages"}],"about":[{"href":"https:\/\/equilibrium.foundation\/de\/wp-json\/wp\/v2\/types\/page"}],"author":[{"embeddable":true,"href":"https:\/\/equilibrium.foundation\/de\/wp-json\/wp\/v2\/users\/1"}],"replies":[{"embeddable":true,"href":"https:\/\/equilibrium.foundation\/de\/wp-json\/wp\/v2\/comments?post=273"}],"version-history":[{"count":0,"href":"https:\/\/equilibrium.foundation\/de\/wp-json\/wp\/v2\/pages\/273\/revisions"}],"wp:attachment":[{"href":"https:\/\/equilibrium.foundation\/de\/wp-json\/wp\/v2\/media?parent=273"}],"curies":[{"name":"wp","href":"https:\/\/api.w.org\/{rel}","templated":true}]}}